{"id":1163,"date":"2025-05-23T13:27:03","date_gmt":"2025-05-23T13:27:03","guid":{"rendered":"https:\/\/massagepuertorico.com\/?page_id=1163"},"modified":"2026-01-27T13:34:41","modified_gmt":"2026-01-27T13:34:41","slug":"contact","status":"publish","type":"page","link":"https:\/\/massagepuertorico.com\/es\/contact\/","title":{"rendered":"Contacto"},"content":{"rendered":"<div data-elementor-type=\"wp-page\" data-elementor-id=\"1163\" class=\"elementor elementor-1163\" data-elementor-settings=\"{&quot;ha_cmc_init_switcher&quot;:&quot;no&quot;}\">\n\t\t\t\t<div class=\"elementor-element elementor-element-f5e715e e-flex e-con-boxed wpr-particle-no wpr-jarallax-no wpr-parallax-no wpr-sticky-section-no e-con e-parent\" data-id=\"f5e715e\" data-element_type=\"container\" data-settings=\"{&quot;background_background&quot;:&quot;classic&quot;,&quot;shape_divider_bottom&quot;:&quot;waves&quot;,&quot;_ha_eqh_enable&quot;:false}\">\n\t\t\t\t\t<div class=\"e-con-inner\">\n\t\t\t\t<div class=\"elementor-shape elementor-shape-bottom\" aria-hidden=\"true\" data-negative=\"false\">\n\t\t\t<svg xmlns=\"http:\/\/www.w3.org\/2000\/svg\" viewbox=\"0 0 1000 100\" preserveaspectratio=\"none\">\n\t<path class=\"elementor-shape-fill\" d=\"M421.9,6.5c22.6-2.5,51.5,0.4,75.5,5.3c23.6,4.9,70.9,23.5,100.5,35.7c75.8,32.2,133.7,44.5,192.6,49.7\tc23.6,2.1,48.7,3.5,103.4-2.5c54.7-6,106.2-25.6,106.2-25.6V0H0v30.3c0,0,72,32.6,158.4,30.5c39.2-0.7,92.8-6.7,134-22.4\tc21.2-8.1,52.2-18.2,79.7-24.2C399.3,7.9,411.6,7.5,421.9,6.5z\"\/>\n<\/svg>\t\t<\/div>\n\t\t<div class=\"elementor-element elementor-element-7d0d72a e-con-full e-flex wpr-particle-no wpr-jarallax-no wpr-parallax-no wpr-sticky-section-no e-con e-child\" data-id=\"7d0d72a\" data-element_type=\"container\" data-settings=\"{&quot;_ha_eqh_enable&quot;:false}\">\n\t\t\t\t<div class=\"elementor-element elementor-element-c6c97a9 elementor-widget elementor-widget-image\" data-id=\"c6c97a9\" data-element_type=\"widget\" data-widget_type=\"image.default\">\n\t\t\t\t\t\t\t\t\t\t\t\t\t\t\t<img decoding=\"async\" src=\"https:\/\/massagepuertorico.com\/wp-content\/uploads\/2025\/04\/blue-healing-logo.png\" title=\"blue-healing-logo\" alt=\"Blue Healing Puerto Rico\" loading=\"lazy\" \/>\t\t\t\t\t\t\t\t\t\t\t\t\t\t\t<\/div>\n\t\t\t\t<div class=\"elementor-element elementor-element-9d4aca4 ha-has-bg-overlay elementor-widget elementor-widget-heading\" data-id=\"9d4aca4\" data-element_type=\"widget\" data-widget_type=\"heading.default\">\n\t\t\t\t\t<h1 class=\"elementor-heading-title elementor-size-default\">Una experiencia de Spa<\/h1>\t\t\t\t<\/div>\n\t\t\t\t<div class=\"elementor-element elementor-element-90f58f9 elementor-widget__width-auto ha-has-bg-overlay elementor-widget elementor-widget-heading\" data-id=\"90f58f9\" data-element_type=\"widget\" data-widget_type=\"heading.default\">\n\t\t\t\t\t<h3 class=\"elementor-heading-title elementor-size-default\">Ofrecemos Nuestros Servicios Hogar, en el Spa y  la Playa<\/h3>\t\t\t\t<\/div>\n\t\t\t\t<div class=\"elementor-element elementor-element-7c3f170 elementor-widget__width-initial elementor-hidden-desktop elementor-hidden-tablet elementor-hidden-mobile elementor-widget elementor-widget-premium-addon-button\" data-id=\"7c3f170\" data-element_type=\"widget\" data-widget_type=\"premium-addon-button.default\">\n\t\t\t\t\t\r\n\r\n\t\t<a class=\"premium-button premium-button-none premium-btn-lg premium-button-none\" href=\"https:\/\/book.heygoldie.com\/es\/Traveling-Licensed-MT\" target=\"_blank\" rel=\"nofollow\">\r\n\t\t\t<div class=\"premium-button-text-icon-wrapper\">\r\n\t\t\t\t\r\n\t\t\t\t\t\t\t\t\t<span >\r\n\t\t\t\t\t\tReserva Hoy\t\t\t\t\t<\/span>\r\n\t\t\t\t\r\n\t\t\t\t\t\t\t<\/div>\r\n\r\n\t\t\t\r\n\t\t\t\r\n\t\t\t\r\n\t\t<\/a>\r\n\r\n\r\n\t\t\t\t\t\t<\/div>\n\t\t\t\t<div class=\"elementor-element elementor-element-2ec4a4a elementor-widget elementor-widget-heading\" data-id=\"2ec4a4a\" data-element_type=\"widget\" data-widget_type=\"heading.default\">\n\t\t\t\t\t<h2 class=\"elementor-heading-title elementor-size-default\">Servicios a Domicilio<\/h2>\t\t\t\t<\/div>\n\t\t\t\t<\/div>\n\t\t<div class=\"elementor-element elementor-element-d0cfec2 e-con-full elementor-hidden-mobile e-flex wpr-particle-no wpr-jarallax-no wpr-parallax-no wpr-sticky-section-no e-con e-child\" data-id=\"d0cfec2\" data-element_type=\"container\" data-settings=\"{&quot;_ha_eqh_enable&quot;:false}\">\n\t\t\t\t<\/div>\n\t\t\t\t\t<\/div>\n\t\t\t\t<\/div>\n\t\t<div class=\"elementor-element elementor-element-1d86a34 e-flex e-con-boxed wpr-particle-no wpr-jarallax-no wpr-parallax-no wpr-sticky-section-no e-con e-parent\" data-id=\"1d86a34\" data-element_type=\"container\" data-settings=\"{&quot;background_background&quot;:&quot;classic&quot;,&quot;shape_divider_bottom&quot;:&quot;waves&quot;,&quot;_ha_eqh_enable&quot;:false}\">\n\t\t\t\t\t<div class=\"e-con-inner\">\n\t\t\t\t<div class=\"elementor-shape elementor-shape-bottom\" aria-hidden=\"true\" data-negative=\"false\">\n\t\t\t<svg xmlns=\"http:\/\/www.w3.org\/2000\/svg\" viewbox=\"0 0 1000 100\" preserveaspectratio=\"none\">\n\t<path class=\"elementor-shape-fill\" d=\"M421.9,6.5c22.6-2.5,51.5,0.4,75.5,5.3c23.6,4.9,70.9,23.5,100.5,35.7c75.8,32.2,133.7,44.5,192.6,49.7\tc23.6,2.1,48.7,3.5,103.4-2.5c54.7-6,106.2-25.6,106.2-25.6V0H0v30.3c0,0,72,32.6,158.4,30.5c39.2-0.7,92.8-6.7,134-22.4\tc21.2-8.1,52.2-18.2,79.7-24.2C399.3,7.9,411.6,7.5,421.9,6.5z\"\/>\n<\/svg>\t\t<\/div>\n\t\t<div class=\"elementor-element elementor-element-d2db335 e-con-full e-flex wpr-particle-no wpr-jarallax-no wpr-parallax-no wpr-sticky-section-no e-con e-child\" data-id=\"d2db335\" data-element_type=\"container\" data-settings=\"{&quot;_ha_eqh_enable&quot;:false}\">\n\t\t\t\t<div class=\"elementor-element elementor-element-d7f5323 elementor-widget__width-initial ha-has-bg-overlay elementor-widget elementor-widget-heading\" data-id=\"d7f5323\" data-element_type=\"widget\" data-widget_type=\"heading.default\">\n\t\t\t\t\t<h2 class=\"elementor-heading-title elementor-size-default\">Relajaci\u00f3n Real<\/h2>\t\t\t\t<\/div>\n\t\t\t\t<div class=\"elementor-element elementor-element-aa835f5 elementor-widget__width-initial ha-has-bg-overlay elementor-widget elementor-widget-heading\" data-id=\"aa835f5\" data-element_type=\"widget\" data-widget_type=\"heading.default\">\n\t\t\t\t\t<h3 class=\"elementor-heading-title elementor-size-default\">En un Para\u00edso Natural<\/h3>\t\t\t\t<\/div>\n\t\t\t\t<div class=\"elementor-element elementor-element-cb940c8 elementor-widget elementor-widget-heading\" data-id=\"cb940c8\" data-element_type=\"widget\" data-widget_type=\"heading.default\">\n\t\t\t\t\t<h3 class=\"elementor-heading-title elementor-size-default\">\u00bfListo para desconectarte del estr\u00e9s y reconectar contigo mismo?<\/h3>\t\t\t\t<\/div>\n\t\t\t\t<div class=\"elementor-element elementor-element-e7b07dd elementor-widget elementor-widget-heading\" data-id=\"e7b07dd\" data-element_type=\"widget\" data-widget_type=\"heading.default\">\n\t\t\t\t\t<p class=\"elementor-heading-title elementor-size-default\">En Blue Healing PR ofrecemos citas flexibles los 7 d\u00edas de la semana, incluyendo fines de semana y feriados. Ya sea para una sesi\u00f3n privada, en pareja o para un grupo, nos adaptamos a tu necesidad<\/p>\t\t\t\t<\/div>\n\t\t\t\t<div class=\"elementor-element elementor-element-7c18b08 elementor-widget__width-initial elementor-hidden-desktop elementor-hidden-tablet elementor-hidden-mobile elementor-widget elementor-widget-premium-addon-button\" data-id=\"7c18b08\" data-element_type=\"widget\" data-widget_type=\"premium-addon-button.default\">\n\t\t\t\t\t\r\n\r\n\t\t<a class=\"premium-button premium-button-none premium-btn-lg premium-button-none\" href=\"https:\/\/book.heygoldie.com\/es\/Traveling-Licensed-MT\" target=\"_blank\" rel=\"nofollow\">\r\n\t\t\t<div class=\"premium-button-text-icon-wrapper\">\r\n\t\t\t\t\r\n\t\t\t\t\t\t\t\t\t<span >\r\n\t\t\t\t\t\tReserva Hoy\t\t\t\t\t<\/span>\r\n\t\t\t\t\r\n\t\t\t\t\t\t\t<\/div>\r\n\r\n\t\t\t\r\n\t\t\t\r\n\t\t\t\r\n\t\t<\/a>\r\n\r\n\r\n\t\t\t\t\t\t<\/div>\n\t\t\t\t<div class=\"elementor-element elementor-element-aea370e elementor-widget elementor-widget-heading\" data-id=\"aea370e\" data-element_type=\"widget\" data-widget_type=\"heading.default\">\n\t\t\t\t\t<h4 class=\"elementor-heading-title elementor-size-default\">Servicios a Domicilio<\/h4>\t\t\t\t<\/div>\n\t\t\t\t<\/div>\n\t\t\t\t\t<\/div>\n\t\t\t\t<\/div>\n\t\t<div class=\"elementor-element elementor-element-9fa177d e-flex e-con-boxed wpr-particle-no wpr-jarallax-no wpr-parallax-no wpr-sticky-section-no e-con e-parent\" data-id=\"9fa177d\" data-element_type=\"container\" data-settings=\"{&quot;background_background&quot;:&quot;classic&quot;,&quot;_ha_eqh_enable&quot;:false}\">\n\t\t\t\t\t<div class=\"e-con-inner\">\n\t\t<div class=\"elementor-element elementor-element-9c18db6 e-con-full e-flex wpr-particle-no wpr-jarallax-no wpr-parallax-no wpr-sticky-section-no e-con e-child\" data-id=\"9c18db6\" data-element_type=\"container\" data-settings=\"{&quot;_ha_eqh_enable&quot;:false}\">\n\t\t\t\t<div class=\"elementor-element elementor-element-1b37ac3 elementor-widget__width-initial ha-has-bg-overlay elementor-widget elementor-widget-heading\" data-id=\"1b37ac3\" data-element_type=\"widget\" data-widget_type=\"heading.default\">\n\t\t\t\t\t<h2 class=\"elementor-heading-title elementor-size-default\">Contacto<\/h2>\t\t\t\t<\/div>\n\t\t\t\t<div class=\"elementor-element elementor-element-5cec890 ha-form-btn--right elementor-widget elementor-widget-ha-wpform happy-addon ha-wpform\" data-id=\"5cec890\" data-element_type=\"widget\" data-widget_type=\"ha-wpform.default\">\n\t\t\t\t\t<div class=\"wpforms-container wpforms-container-full wpforms-render-modern\" id=\"wpforms-1511\"><form id=\"wpforms-form-1511\" class=\"wpforms-validate wpforms-form wpforms-ajax-form\" data-formid=\"1511\" method=\"post\" enctype=\"multipart\/form-data\" action=\"\/es\/wp-json\/wp\/v2\/pages\/1163\" data-token=\"3c2bea09e247e554b19967939ade034a\" data-token-time=\"1776520310\" data-trp-original-action=\"\/es\/wp-json\/wp\/v2\/pages\/1163\"><noscript class=\"wpforms-error-noscript\">Please enable JavaScript in your browser to complete this form.<\/noscript><div class=\"wpforms-hidden\" id=\"wpforms-error-noscript\">Please enable JavaScript in your browser to complete this form.<\/div><div class=\"wpforms-field-container\"><div id=\"wpforms-1511-field_1-container\" class=\"wpforms-field wpforms-field-layout\" data-field-id=\"1\"><div class=\"wpforms-field-layout-rows wpforms-field-large\"><div class=\"wpforms-layout-row\"><div class=\"wpforms-layout-column wpforms-layout-column-50\"><div id=\"wpforms-1511-field_2-container\" class=\"wpforms-field wpforms-field-name\" data-field-id=\"2\"><label class=\"wpforms-field-label wpforms-label-hide\" for=\"wpforms-1511-field_2\" aria-hidden=\"false\">Nombre <span class=\"wpforms-required-label\" aria-hidden=\"true\">*<\/span><\/label><input type=\"text\" id=\"wpforms-1511-field_2\" class=\"wpforms-field-medium wpforms-field-required\" name=\"wpforms[fields][2]\" placeholder=\"Nombre\" aria-errormessage=\"wpforms-1511-field_2-error\" required><\/div><\/div><div class=\"wpforms-layout-column wpforms-layout-column-50\"><div id=\"wpforms-1511-field_3-container\" class=\"wpforms-field wpforms-field-text\" data-field-id=\"3\"><label class=\"wpforms-field-label wpforms-label-hide\" for=\"wpforms-1511-field_3\" aria-hidden=\"false\">Apellido <span class=\"wpforms-required-label\" aria-hidden=\"true\">*<\/span><\/label><input type=\"text\" id=\"wpforms-1511-field_3\" class=\"wpforms-field-medium wpforms-field-required\" name=\"wpforms[fields][3]\" placeholder=\"Apellido\" aria-errormessage=\"wpforms-1511-field_3-error\" required><\/div><\/div><\/div><div class=\"wpforms-layout-row\"><div class=\"wpforms-layout-column wpforms-layout-column-50\"><div id=\"wpforms-1511-field_4-container\" class=\"wpforms-field wpforms-field-phone\" data-field-id=\"4\"><label class=\"wpforms-field-label wpforms-label-hide\" for=\"wpforms-1511-field_4\" aria-hidden=\"false\">Tel\u00e9fono<\/label><input type=\"tel\" id=\"wpforms-1511-field_4\" class=\"wpforms-field-medium\" data-rule-int-phone-field=\"true\" name=\"wpforms[fields][4]\" placeholder=\"Tel\u00e9fono\" aria-label=\"Tel\u00e9fono\" aria-errormessage=\"wpforms-1511-field_4-error\" ><\/div><\/div><div class=\"wpforms-layout-column wpforms-layout-column-50\"><div id=\"wpforms-1511-field_5-container\" class=\"wpforms-field wpforms-field-email\" data-field-id=\"5\"><label class=\"wpforms-field-label wpforms-label-hide\" for=\"wpforms-1511-field_5\" aria-hidden=\"false\">Email <span class=\"wpforms-required-label\" aria-hidden=\"true\">*<\/span><\/label><input type=\"email\" id=\"wpforms-1511-field_5\" class=\"wpforms-field-medium wpforms-field-required\" name=\"wpforms[fields][5]\" placeholder=\"Email\" spellcheck=\"false\" aria-errormessage=\"wpforms-1511-field_5-error\" required><\/div><\/div><\/div><\/div><\/div><div id=\"wpforms-1511-field_6-container\" class=\"wpforms-field wpforms-field-textarea\" data-field-id=\"6\"><label class=\"wpforms-field-label wpforms-label-hide\" for=\"wpforms-1511-field_6\" aria-hidden=\"false\">Mensaje<\/label><textarea id=\"wpforms-1511-field_6\" class=\"wpforms-field-medium\" name=\"wpforms[fields][6]\" placeholder=\"Mensaje\" aria-errormessage=\"wpforms-1511-field_6-error\" ><\/textarea><\/div><\/div><!-- .wpforms-field-container --><div class=\"wpforms-recaptcha-container wpforms-is-recaptcha wpforms-is-recaptcha-type-v3\" ><input type=\"hidden\" name=\"wpforms[recaptcha]\" value=\"\"><\/div><div class=\"wpforms-submit-container\" ><input type=\"hidden\" name=\"wpforms[id]\" value=\"1511\"><input type=\"hidden\" name=\"page_title\" value=\"\"><input type=\"hidden\" name=\"page_url\" value=\"https:\/\/massagepuertorico.com\/es\/wp-json\/wp\/v2\/pages\/1163\"><input type=\"hidden\" name=\"url_referer\" value=\"\"><button type=\"submit\" name=\"wpforms[submit]\" id=\"wpforms-submit-1511\" class=\"wpforms-submit\" data-alt-text=\"Enviando...\" data-submit-text=\"Enviar\" aria-live=\"assertive\" value=\"wpforms-submit\">Enviar<\/button><img decoding=\"async\" src=\"https:\/\/massagepuertorico.com\/wp-content\/plugins\/wpforms\/assets\/images\/submit-spin.svg\" class=\"wpforms-submit-spinner\" style=\"display: none;\" width=\"26\" height=\"26\" alt=\"Loading\"><\/div><input type=\"hidden\" name=\"trp-form-language\" value=\"es\"\/><\/form><\/div>  <!-- .wpforms-container -->\t\t\t\t<\/div>\n\t\t\t\t<div class=\"elementor-element elementor-element-d709a34 elementor-widget elementor-widget-html\" data-id=\"d709a34\" data-element_type=\"widget\" data-widget_type=\"html.default\">\n\t\t\t\t\t<style>\n    .wpforms-submit{\n        height: auto !important;\n    }\n<\/style>\t\t\t\t<\/div>\n\t\t\t\t<\/div>\n\t\t\t\t\t<\/div>\n\t\t\t\t<\/div>\n\t\t\t\t<\/div>","protected":false},"excerpt":{"rendered":"<p>A Spa Experience We Offer Home + Spa + Beach Experiences Book Now On-Site Services True Relaxation In a Natural Paradise Ready to disconnect from stress and reconnect with yourself? At Blue Healing PR, we offer flexible appointments 7 days a week, including weekends and holidays. Whether it\u2019s a private session, a couple\u2019s massage, or a group experience, we adapt to your needs. Book Today On-Site Services Contact Please enable JavaScript in your browser to complete this form.Please enable JavaScript in your browser to complete this form.Nombre *Apellido *Tel\u00e9fono Email *Mensaje Enviar<\/p>","protected":false},"author":2,"featured_media":0,"parent":0,"menu_order":0,"comment_status":"closed","ping_status":"closed","template":"elementor_header_footer","meta":{"footnotes":""},"class_list":["post-1163","page","type-page","status-publish","hentry"],"yoast_head":"<!-- This site is optimized with the Yoast SEO plugin v25.2 - https:\/\/yoast.com\/wordpress\/plugins\/seo\/ -->\n<title>Blue Healing Puerto Rico | Una experiencia de Spa<\/title>\n<meta name=\"description\" content=\"Servicios de masajes y bienestar directamente en la playa, dise\u00f1ados para brindarte paz y tranquilidad en su m\u00e1xima expresi\u00f3n.\" \/>\n<meta name=\"robots\" content=\"index, follow, max-snippet:-1, max-image-preview:large, max-video-preview:-1\" \/>\n<link rel=\"canonical\" href=\"https:\/\/massagepuertorico.com\/es\/contact\/\" \/>\n<meta property=\"og:locale\" content=\"es_ES\" \/>\n<meta property=\"og:type\" content=\"article\" \/>\n<meta property=\"og:title\" content=\"Blue Healing Puerto Rico | Una experiencia de Spa\" \/>\n<meta property=\"og:description\" content=\"Servicios de masajes y bienestar directamente en la playa, dise\u00f1ados para brindarte paz y tranquilidad en su m\u00e1xima expresi\u00f3n.\" \/>\n<meta property=\"og:url\" content=\"https:\/\/massagepuertorico.com\/es\/contact\/\" \/>\n<meta property=\"og:site_name\" content=\"Blue Healing Puerto Rico\" \/>\n<meta property=\"article:publisher\" content=\"https:\/\/www.facebook.com\/people\/Massage-Puerto-Rico\/61575772177514\/?mibextid=wwXIfr&amp;rdid=9ekPL9dYIHGuTrnV&amp;share_url=https%3a%2f%2fwww.facebook.com%2fshare%2f1AQP8REuhr%2f%3fmibextid%3dwwXIfr\" \/>\n<meta property=\"article:modified_time\" content=\"2026-01-27T13:34:41+00:00\" \/>\n<meta property=\"og:image\" content=\"https:\/\/massagepuertorico.com\/wp-content\/uploads\/2025\/04\/blue-healing-logo.png\" \/>\n<meta name=\"twitter:card\" content=\"summary_large_image\" \/>\n<meta name=\"twitter:label1\" content=\"Est. reading time\" \/>\n\t<meta name=\"twitter:data1\" content=\"1 minuto\" \/>\n<script type=\"application\/ld+json\" class=\"yoast-schema-graph\">{\"@context\":\"https:\/\/schema.org\",\"@graph\":[{\"@type\":\"WebPage\",\"@id\":\"https:\/\/massagepuertorico.com\/contact\/\",\"url\":\"https:\/\/massagepuertorico.com\/contact\/\",\"name\":\"Blue Healing Puerto Rico | Una experiencia de Spa\",\"isPartOf\":{\"@id\":\"https:\/\/massagepuertorico.com\/#website\"},\"primaryImageOfPage\":{\"@id\":\"https:\/\/massagepuertorico.com\/contact\/#primaryimage\"},\"image\":{\"@id\":\"https:\/\/massagepuertorico.com\/contact\/#primaryimage\"},\"thumbnailUrl\":\"https:\/\/massagepuertorico.com\/wp-content\/uploads\/2025\/04\/blue-healing-logo.png\",\"datePublished\":\"2025-05-23T13:27:03+00:00\",\"dateModified\":\"2026-01-27T13:34:41+00:00\",\"description\":\"Servicios de masajes y bienestar directamente en la playa, dise\u00f1ados para brindarte paz y tranquilidad en su m\u00e1xima expresi\u00f3n.\",\"breadcrumb\":{\"@id\":\"https:\/\/massagepuertorico.com\/contact\/#breadcrumb\"},\"inLanguage\":\"es\",\"potentialAction\":[{\"@type\":\"ReadAction\",\"target\":[\"https:\/\/massagepuertorico.com\/contact\/\"]}]},{\"@type\":\"ImageObject\",\"inLanguage\":\"es\",\"@id\":\"https:\/\/massagepuertorico.com\/contact\/#primaryimage\",\"url\":\"https:\/\/massagepuertorico.com\/wp-content\/uploads\/2025\/04\/blue-healing-logo.png\",\"contentUrl\":\"https:\/\/massagepuertorico.com\/wp-content\/uploads\/2025\/04\/blue-healing-logo.png\"},{\"@type\":\"BreadcrumbList\",\"@id\":\"https:\/\/massagepuertorico.com\/contact\/#breadcrumb\",\"itemListElement\":[{\"@type\":\"ListItem\",\"position\":1,\"name\":\"Home\",\"item\":\"https:\/\/massagepuertorico.com\/\"},{\"@type\":\"ListItem\",\"position\":2,\"name\":\"Contact\"}]},{\"@type\":\"WebSite\",\"@id\":\"https:\/\/massagepuertorico.com\/#website\",\"url\":\"https:\/\/massagepuertorico.com\/\",\"name\":\"Blue Healing PR LLC\",\"description\":\"Una experiencia de Spa\",\"publisher\":{\"@id\":\"https:\/\/massagepuertorico.com\/#organization\"},\"alternateName\":\"Blue Healing Puerto Rico\",\"potentialAction\":[{\"@type\":\"SearchAction\",\"target\":{\"@type\":\"EntryPoint\",\"urlTemplate\":\"https:\/\/massagepuertorico.com\/?s={search_term_string}\"},\"query-input\":{\"@type\":\"PropertyValueSpecification\",\"valueRequired\":true,\"valueName\":\"search_term_string\"}}],\"inLanguage\":\"es\"},{\"@type\":\"Organization\",\"@id\":\"https:\/\/massagepuertorico.com\/#organization\",\"name\":\"Blue Healing PR LLC\",\"url\":\"https:\/\/massagepuertorico.com\/\",\"logo\":{\"@type\":\"ImageObject\",\"inLanguage\":\"es\",\"@id\":\"https:\/\/massagepuertorico.com\/#\/schema\/logo\/image\/\",\"url\":\"https:\/\/massagepuertorico.com\/wp-content\/uploads\/2025\/04\/blue-healing-logo.png\",\"contentUrl\":\"https:\/\/massagepuertorico.com\/wp-content\/uploads\/2025\/04\/blue-healing-logo.png\",\"width\":556,\"height\":314,\"caption\":\"Blue Healing PR LLC\"},\"image\":{\"@id\":\"https:\/\/massagepuertorico.com\/#\/schema\/logo\/image\/\"},\"sameAs\":[\"https:\/\/www.facebook.com\/people\/Massage-Puerto-Rico\/61575772177514\/?mibextid=wwXIfr&rdid=9ekPL9dYIHGuTrnV&share_url=https:\/\/www.facebook.com\/share\/1AQP8REuhr\/?mibextid=wwXIfr\"]}]}<\/script>\n<!-- \/ Yoast SEO plugin. -->","yoast_head_json":{"title":"Blue Healing Puerto Rico | Una experiencia de Spa","description":"Servicios de masajes y bienestar directamente en la playa, dise\u00f1ados para brindarte paz y tranquilidad en su m\u00e1xima expresi\u00f3n.","robots":{"index":"index","follow":"follow","max-snippet":"max-snippet:-1","max-image-preview":"max-image-preview:large","max-video-preview":"max-video-preview:-1"},"canonical":"https:\/\/massagepuertorico.com\/es\/contact\/","og_locale":"es_ES","og_type":"article","og_title":"Blue Healing Puerto Rico | Una experiencia de Spa","og_description":"Servicios de masajes y bienestar directamente en la playa, dise\u00f1ados para brindarte paz y tranquilidad en su m\u00e1xima expresi\u00f3n.","og_url":"https:\/\/massagepuertorico.com\/es\/contact\/","og_site_name":"Blue Healing Puerto Rico","article_publisher":"https:\/\/www.facebook.com\/people\/Massage-Puerto-Rico\/61575772177514\/?mibextid=wwXIfr&rdid=9ekPL9dYIHGuTrnV&share_url=https%3a%2f%2fwww.facebook.com%2fshare%2f1AQP8REuhr%2f%3fmibextid%3dwwXIfr","article_modified_time":"2026-01-27T13:34:41+00:00","og_image":[{"url":"https:\/\/massagepuertorico.com\/wp-content\/uploads\/2025\/04\/blue-healing-logo.png","type":"","width":"","height":""}],"twitter_card":"summary_large_image","twitter_misc":{"Est. reading time":"1 minuto"},"schema":{"@context":"https:\/\/schema.org","@graph":[{"@type":"WebPage","@id":"https:\/\/massagepuertorico.com\/contact\/","url":"https:\/\/massagepuertorico.com\/contact\/","name":"Blue Healing Puerto Rico | Una experiencia de Spa","isPartOf":{"@id":"https:\/\/massagepuertorico.com\/#website"},"primaryImageOfPage":{"@id":"https:\/\/massagepuertorico.com\/contact\/#primaryimage"},"image":{"@id":"https:\/\/massagepuertorico.com\/contact\/#primaryimage"},"thumbnailUrl":"https:\/\/massagepuertorico.com\/wp-content\/uploads\/2025\/04\/blue-healing-logo.png","datePublished":"2025-05-23T13:27:03+00:00","dateModified":"2026-01-27T13:34:41+00:00","description":"Servicios de masajes y bienestar directamente en la playa, dise\u00f1ados para brindarte paz y tranquilidad en su m\u00e1xima expresi\u00f3n.","breadcrumb":{"@id":"https:\/\/massagepuertorico.com\/contact\/#breadcrumb"},"inLanguage":"es","potentialAction":[{"@type":"ReadAction","target":["https:\/\/massagepuertorico.com\/contact\/"]}]},{"@type":"ImageObject","inLanguage":"es","@id":"https:\/\/massagepuertorico.com\/contact\/#primaryimage","url":"https:\/\/massagepuertorico.com\/wp-content\/uploads\/2025\/04\/blue-healing-logo.png","contentUrl":"https:\/\/massagepuertorico.com\/wp-content\/uploads\/2025\/04\/blue-healing-logo.png"},{"@type":"BreadcrumbList","@id":"https:\/\/massagepuertorico.com\/contact\/#breadcrumb","itemListElement":[{"@type":"ListItem","position":1,"name":"Home","item":"https:\/\/massagepuertorico.com\/"},{"@type":"ListItem","position":2,"name":"Contact"}]},{"@type":"WebSite","@id":"https:\/\/massagepuertorico.com\/#website","url":"https:\/\/massagepuertorico.com\/","name":"Blue Healing PR LLC","description":"Una experiencia de Spa","publisher":{"@id":"https:\/\/massagepuertorico.com\/#organization"},"alternateName":"Blue Healing Puerto Rico","potentialAction":[{"@type":"SearchAction","target":{"@type":"EntryPoint","urlTemplate":"https:\/\/massagepuertorico.com\/?s={search_term_string}"},"query-input":{"@type":"PropertyValueSpecification","valueRequired":true,"valueName":"search_term_string"}}],"inLanguage":"es"},{"@type":"Organization","@id":"https:\/\/massagepuertorico.com\/#organization","name":"Blue Healing PR LLC","url":"https:\/\/massagepuertorico.com\/","logo":{"@type":"ImageObject","inLanguage":"es","@id":"https:\/\/massagepuertorico.com\/#\/schema\/logo\/image\/","url":"https:\/\/massagepuertorico.com\/wp-content\/uploads\/2025\/04\/blue-healing-logo.png","contentUrl":"https:\/\/massagepuertorico.com\/wp-content\/uploads\/2025\/04\/blue-healing-logo.png","width":556,"height":314,"caption":"Blue Healing PR LLC"},"image":{"@id":"https:\/\/massagepuertorico.com\/#\/schema\/logo\/image\/"},"sameAs":["https:\/\/www.facebook.com\/people\/Massage-Puerto-Rico\/61575772177514\/?mibextid=wwXIfr&rdid=9ekPL9dYIHGuTrnV&share_url=https:\/\/www.facebook.com\/share\/1AQP8REuhr\/?mibextid=wwXIfr"]}]}},"_links":{"self":[{"href":"https:\/\/massagepuertorico.com\/es\/wp-json\/wp\/v2\/pages\/1163","targetHints":{"allow":["GET"]}}],"collection":[{"href":"https:\/\/massagepuertorico.com\/es\/wp-json\/wp\/v2\/pages"}],"about":[{"href":"https:\/\/massagepuertorico.com\/es\/wp-json\/wp\/v2\/types\/page"}],"author":[{"embeddable":true,"href":"https:\/\/massagepuertorico.com\/es\/wp-json\/wp\/v2\/users\/2"}],"replies":[{"embeddable":true,"href":"https:\/\/massagepuertorico.com\/es\/wp-json\/wp\/v2\/comments?post=1163"}],"version-history":[{"count":125,"href":"https:\/\/massagepuertorico.com\/es\/wp-json\/wp\/v2\/pages\/1163\/revisions"}],"predecessor-version":[{"id":2118,"href":"https:\/\/massagepuertorico.com\/es\/wp-json\/wp\/v2\/pages\/1163\/revisions\/2118"}],"wp:attachment":[{"href":"https:\/\/massagepuertorico.com\/es\/wp-json\/wp\/v2\/media?parent=1163"}],"curies":[{"name":"wp","href":"https:\/\/api.w.org\/{rel}","templated":true}]}}